{"id":935,"date":"2018-09-05T15:15:27","date_gmt":"2018-09-05T13:15:27","guid":{"rendered":"http:\/\/ciid45.com\/wordpress\/?page_id=935"},"modified":"2022-12-28T20:11:23","modified_gmt":"2022-12-28T19:11:23","slug":"qui-sommes-nous","status":"publish","type":"page","link":"https:\/\/ciid45.com\/wordpress\/qui-sommes-nous\/","title":{"rendered":"Qui sommes-nous ?"},"content":{"rendered":"<h1 style=\"text-align: center;\" align=\"center\"><b>CIID<\/b><\/h1>\n<p style=\"text-align: center;\" align=\"center\"><b><br \/>\nL\u2019assistance informatique et internet \u00e0 domicile sur l\u2019agglo d\u2019Orl\u00e9ans et le Loiret.<\/b><\/p>\n<div>\n<p style=\"text-align: left;\">Vous habitez ou travaillez sur Orl\u00e9ans, son agglom\u00e9ration,<br \/>\n<img loading=\"lazy\" decoding=\"async\" class=\"size-medium wp-image-1067 alignright\" src=\"http:\/\/ciid45.com\/wordpress\/wp-content\/uploads\/2018\/09\/Benoit-Cabarat-CIID-240x300.jpg\" alt=\"\" width=\"240\" height=\"300\" srcset=\"https:\/\/ciid45.com\/wordpress\/wp-content\/uploads\/2018\/09\/Benoit-Cabarat-CIID-240x300.jpg 240w, https:\/\/ciid45.com\/wordpress\/wp-content\/uploads\/2018\/09\/Benoit-Cabarat-CIID.jpg 367w\" sizes=\"(max-width: 240px) 100vw, 240px\" \/>vous avez besoin d\u2019aide en Bureautique, en Informatique, en Internet.<\/p>\n<p style=\"text-align: left;\">Je me d\u00e9place chez vous pour :<br \/>\nvous conseiller,<br \/>\nvous assister dans l\u2019installation de nouveaux composants,<br \/>\nvous d\u00e9panner,<br \/>\nvous apprendre \u00e0 mieux exploiter la Bureautique, Internet et votre ordinateur<\/p>\n<p style=\"text-align: left;\">Je vous propose et r\u00e9alise des solutions adapt\u00e9es \u00e0 vos besoins pour que vous soyez pr\u00e9sent sur Internet (r\u00e9seaux sociaux, cr\u00e9ation ou aide \u00e0 la cr\u00e9ation de sites internet)<\/p>\n<p style=\"text-align: left;\">Je recommande l\u2019utilisation des outils de l\u2019Informatique et l\u2019Internet libres, c\u2019est-\u00e0-dire<br \/>\nde services et d\u2019outils gratuits, fiables et utilisables en toute l\u00e9galit\u00e9.<\/p>\n<p>Je mets mes 30 ans d&rsquo;exp\u00e9rience dans l&rsquo;informatique \u00e0 votre service,<\/p>\n<p style=\"text-align: left;\"><strong>Benoit Cabarat<\/strong><\/p>\n<\/div>\n","protected":false},"excerpt":{"rendered":"<p>CIID L\u2019assistance informatique et internet \u00e0 domicile sur l\u2019agglo d\u2019Orl\u00e9ans et le Loiret. Vous habitez ou travaillez sur Orl\u00e9ans, son agglom\u00e9ration, vous avez besoin d\u2019aide en Bureautique, en Informatique, en Internet. Je me d\u00e9place chez vous pour : vous conseiller, vous assister dans l\u2019installation de nouveaux composants, vous d\u00e9panner, vous apprendre \u00e0 mieux exploiter la [&hellip;]<\/p>\n","protected":false},"author":2,"featured_media":0,"parent":0,"menu_order":0,"comment_status":"closed","ping_status":"closed","template":"","meta":{"_monsterinsights_skip_tracking":false,"_monsterinsights_sitenote_active":false,"_monsterinsights_sitenote_note":"","_monsterinsights_sitenote_category":0,"ocean_post_layout":"","ocean_both_sidebars_style":"","ocean_both_sidebars_content_width":0,"ocean_both_sidebars_sidebars_width":0,"ocean_sidebar":"0","ocean_second_sidebar":"0","ocean_disable_margins":"enable","ocean_add_body_class":"","ocean_shortcode_before_top_bar":"","ocean_shortcode_after_top_bar":"","ocean_shortcode_before_header":"","ocean_shortcode_after_header":"","ocean_has_shortcode":"","ocean_shortcode_after_title":"","ocean_shortcode_before_footer_widgets":"","ocean_shortcode_after_footer_widgets":"","ocean_shortcode_before_footer_bottom":"","ocean_shortcode_after_footer_bottom":"","ocean_display_top_bar":"default","ocean_display_header":"default","ocean_header_style":"","ocean_center_header_left_menu":"0","ocean_custom_header_template":"0","ocean_custom_logo":0,"ocean_custom_retina_logo":0,"ocean_custom_logo_max_width":0,"ocean_custom_logo_tablet_max_width":0,"ocean_custom_logo_mobile_max_width":0,"ocean_custom_logo_max_height":0,"ocean_custom_logo_tablet_max_height":0,"ocean_custom_logo_mobile_max_height":0,"ocean_header_custom_menu":"0","ocean_menu_typo_font_family":"0","ocean_menu_typo_font_subset":"","ocean_menu_typo_font_size":0,"ocean_menu_typo_font_size_tablet":0,"ocean_menu_typo_font_size_mobile":0,"ocean_menu_typo_font_size_unit":"px","ocean_menu_typo_font_weight":"","ocean_menu_typo_font_weight_tablet":"","ocean_menu_typo_font_weight_mobile":"","ocean_menu_typo_transform":"","ocean_menu_typo_transform_tablet":"","ocean_menu_typo_transform_mobile":"","ocean_menu_typo_line_height":0,"ocean_menu_typo_line_height_tablet":0,"ocean_menu_typo_line_height_mobile":0,"ocean_menu_typo_line_height_unit":"","ocean_menu_typo_spacing":0,"ocean_menu_typo_spacing_tablet":0,"ocean_menu_typo_spacing_mobile":0,"ocean_menu_typo_spacing_unit":"","ocean_menu_link_color":"","ocean_menu_link_color_hover":"","ocean_menu_link_color_active":"","ocean_menu_link_background":"","ocean_menu_link_hover_background":"","ocean_menu_link_active_background":"","ocean_menu_social_links_bg":"","ocean_menu_social_hover_links_bg":"","ocean_menu_social_links_color":"","ocean_menu_social_hover_links_color":"","ocean_disable_title":"default","ocean_disable_heading":"default","ocean_post_title":"","ocean_post_subheading":"","ocean_post_title_style":"","ocean_post_title_background_color":"","ocean_post_title_background":0,"ocean_post_title_bg_image_position":"","ocean_post_title_bg_image_attachment":"","ocean_post_title_bg_image_repeat":"","ocean_post_title_bg_image_size":"","ocean_post_title_height":0,"ocean_post_title_bg_overlay":0.5,"ocean_post_title_bg_overlay_color":"","ocean_disable_breadcrumbs":"default","ocean_breadcrumbs_color":"","ocean_breadcrumbs_separator_color":"","ocean_breadcrumbs_links_color":"","ocean_breadcrumbs_links_hover_color":"","ocean_display_footer_widgets":"default","ocean_display_footer_bottom":"default","ocean_custom_footer_template":"0","footnotes":""},"aioseo_notices":[],"_links":{"self":[{"href":"https:\/\/ciid45.com\/wordpress\/wp-json\/wp\/v2\/pages\/935"}],"collection":[{"href":"https:\/\/ciid45.com\/wordpress\/wp-json\/wp\/v2\/pages"}],"about":[{"href":"https:\/\/ciid45.com\/wordpress\/wp-json\/wp\/v2\/types\/page"}],"author":[{"embeddable":true,"href":"https:\/\/ciid45.com\/wordpress\/wp-json\/wp\/v2\/users\/2"}],"replies":[{"embeddable":true,"href":"https:\/\/ciid45.com\/wordpress\/wp-json\/wp\/v2\/comments?post=935"}],"version-history":[{"count":9,"href":"https:\/\/ciid45.com\/wordpress\/wp-json\/wp\/v2\/pages\/935\/revisions"}],"predecessor-version":[{"id":1340,"href":"https:\/\/ciid45.com\/wordpress\/wp-json\/wp\/v2\/pages\/935\/revisions\/1340"}],"wp:attachment":[{"href":"https:\/\/ciid45.com\/wordpress\/wp-json\/wp\/v2\/media?parent=935"}],"curies":[{"name":"wp","href":"https:\/\/api.w.org\/{rel}","templated":true}]}}