{"id":868,"date":"2018-09-05T10:24:40","date_gmt":"2018-09-05T08:24:40","guid":{"rendered":"http:\/\/ciid45.com\/wordpress\/?page_id=868"},"modified":"2018-09-11T15:48:59","modified_gmt":"2018-09-11T13:48:59","slug":"conditions-generales-de-prestations","status":"publish","type":"page","link":"https:\/\/ciid45.com\/wordpress\/conditions-generales-de-prestations\/","title":{"rendered":"Conditions g\u00e9n\u00e9rales de prestations"},"content":{"rendered":"<p style=\"text-align: left;\" align=\"center\"><strong>Article1 : G\u00e9n\u00e9ralit\u00e9s<\/strong><\/p>\n<div class=\"suite\">\n<p style=\"text-align: left;\">Les pr\u00e9sentes conditions G\u00e9n\u00e9rales de Prestations (ci-apr\u00e9s \u00ab\u00a0CGP\u00a0\u00bb) r\u00e9gissent les relations entre la Soci\u00e9t\u00e9 CIID, repr\u00e9sent\u00e9e par Benoit CABARAT, et son client (ci-apr\u00e9s le \u00ab\u00a0Client\u00a0\u00bb) et sont consid\u00e9r\u00e9es comme lues et approuv\u00e9es du seul fait de la demande d&rsquo;intervention du Client. Chaque partie les accepte sans r\u00e9serves ni restrictions. Ces CGP pr\u00e9valent sur toute autre condition, sauf d\u00e9rogation pr\u00e9alable, expresse et \u00e9crite, accept\u00e9e par CIID et s&rsquo;appliquent pour toutes prestations de services telles que d\u00e9finies ci-apr\u00e9s.<\/p>\n<p style=\"text-align: left;\"><strong>Article 2 : Objet<\/strong><\/p>\n<p>CIID effectue une prestation au domicile du Client. La prestation de service consiste \u00e0 conseiller, installer, d\u00e9panner, mettre en service, former et initier. CIID ne vend pas de mat\u00e9riel et donc ne peut \u00eatre tenu pour responsable des achats effectu\u00e9s par le Client. Dans le cas d&rsquo;un d\u00e9pannage n\u00e9cessitant le transport du mat\u00e9riel du Client afin de proc\u00e9der \u00e0 op\u00e9rations longues hors du domicile du Client, CIID ne peut \u00eatre tenu pour responsable des dommages caus\u00e9s aux mat\u00e9riels confi\u00e9s par le Client.<\/p>\n<p style=\"text-align: left;\"><strong>Article 3 : Demandes et conditions d&rsquo;interventions<\/strong><\/p>\n<p>CIID intervient sur rendez-vous pris \u00e0 la demande du Client par t\u00e9l\u00e9phone ou sur le site Internet \u00ab\u00a0www.ciid45.com\u00a0\u00bb. Le lieu et l&rsquo;heure sont convenus d&rsquo;un commun accord. Le contrat est r\u00e9put\u00e9 accept\u00e9 d\u00e8s la prise de rendez-vous. L&rsquo;horaire est donn\u00e9 \u00e0 titre indicatif, tout retard de plus d&rsquo;une heure (1) sera communiqu\u00e9 au Client et constituera, le cas \u00e9ch\u00e9ant, une nouvelle prise de rendez-vous. Le Client s&rsquo;engage \u00e0 pr\u00e9venir CIID, au moins trois (3) heures avant l&rsquo;heure d&rsquo;intervention pr\u00e9vue, de tout retard, annulation ou report.<\/p>\n<p style=\"text-align: left;\"><strong>Article 4 : Tarification et paiements<\/strong><\/p>\n<p>La premi\u00e8re demi-heure d&rsquo;intervention constitue le tarif minimum d&rsquo;intervention (hors d\u00e9placement, le cas \u00e9ch\u00e9ant). Au del\u00e0, les prestations sont factur\u00e9es par quart-d&rsquo;heure supplementaire. Les tarifs sont applicables lors de la prise de rendez-vous et sont modifiables sans pr\u00e9avis. Ils sont d\u00e9finis lors du rendez-vous et consultables \u00e0 tout moment sur www.ciid45.com ou par t\u00e9l\u00e9phone au 06.78.13.49.99.<\/p>\n<p style=\"text-align: left;\"><strong>Article 5 : Responsabilit\u00e9 de CIID<\/strong><\/p>\n<p>CIID n&rsquo;est soumise qu&rsquo;\u00e0 une obligation de moyens et en aucun cas \u00e0 une obligation de r\u00e9sultats, et par cons\u00e9quent ne sera tenue pour responsable de dommages directs ou indirects, \u00e0 savoir : perte de b\u00e9n\u00e9fice, de donn\u00e9es, ou de frais engag\u00e9s par le Client. L&rsquo;intervention effectu\u00e9e ne pourra donc \u00eatre reproch\u00e9e, ni engager un quelconque d\u00e9dommagement. En cas de dommages d\u00e9montr\u00e9s, la responsabilit\u00e9 de CIID, ne pourra exc\u00e9der le montant de l&rsquo;intervention factur\u00e9e. De la m\u00eame mani\u00e8re, tout mat\u00e9riel d\u00e9fectueux pr\u00e9sent ou install\u00e9 par le Client n&rsquo;engage pas la responsabilit\u00e9 de CIID. Les donn\u00e9es du Client restent sa propri\u00e9t\u00e9 et CIID s&rsquo;engage \u00e0 ne pas en communiquer le contenu, dans la plus stricte confidentialit\u00e9.<\/p>\n<p style=\"text-align: left;\"><strong>Article 6 : A la charge du Client<\/strong><\/p>\n<p>Le client est responsable de ses donn\u00e9es et de leur sauvegarde. Si cela n&rsquo;a pas \u00e9t\u00e9 fait au pr\u00e9alable de l&rsquo;intervention, CIID peut tenter de r\u00e9cup\u00e9rer et de les sauvegarder, mais ne garantit en aucun cas un r\u00e9sultat. Le Client ne pourra donc pas pr\u00e9tendre \u00e0 un quelconque d\u00e9dommagement. L&rsquo;installation et la configuration de tout mat\u00e9riel reste sous la responsabilit\u00e9 du Client, en termes de d\u00e9ballage, installation et de la bonne conservation des coupons de garanties.<\/p>\n<p style=\"text-align: left;\"><strong>Article 7 : Litiges<\/strong><\/p>\n<p>CIID reste \u00e0 la disposition du Client pour toutes r\u00e9clamations ou contestations de bonne foi, en vue de pr\u00e9voir une solution amiable. La contestation ou r\u00e9clamation sans solutions, sur l&rsquo;interpr\u00e9tation et\/ou ex\u00e9cutions des pr\u00e9sentes CGP, seront soumises au tribunal comp\u00e9tent du lieu de domicile du Client.<\/p>\n<\/div>\n","protected":false},"excerpt":{"rendered":"<p>Article1 : G\u00e9n\u00e9ralit\u00e9s Les pr\u00e9sentes conditions G\u00e9n\u00e9rales de Prestations (ci-apr\u00e9s \u00ab\u00a0CGP\u00a0\u00bb) r\u00e9gissent les relations entre la Soci\u00e9t\u00e9 CIID, repr\u00e9sent\u00e9e par Benoit CABARAT, et son client (ci-apr\u00e9s le \u00ab\u00a0Client\u00a0\u00bb) et sont consid\u00e9r\u00e9es comme lues et approuv\u00e9es du seul fait de la demande d&rsquo;intervention du Client. Chaque partie les accepte sans r\u00e9serves ni restrictions. Ces CGP pr\u00e9valent [&hellip;]<\/p>\n","protected":false},"author":2,"featured_media":0,"parent":0,"menu_order":0,"comment_status":"closed","ping_status":"closed","template":"","meta":{"_monsterinsights_skip_tracking":false,"_monsterinsights_sitenote_active":false,"_monsterinsights_sitenote_note":"","_monsterinsights_sitenote_category":0,"ocean_post_layout":"","ocean_both_sidebars_style":"","ocean_both_sidebars_content_width":0,"ocean_both_sidebars_sidebars_width":0,"ocean_sidebar":"","ocean_second_sidebar":"","ocean_disable_margins":"enable","ocean_add_body_class":"","ocean_shortcode_before_top_bar":"","ocean_shortcode_after_top_bar":"","ocean_shortcode_before_header":"","ocean_shortcode_after_header":"","ocean_has_shortcode":"","ocean_shortcode_after_title":"","ocean_shortcode_before_footer_widgets":"","ocean_shortcode_after_footer_widgets":"","ocean_shortcode_before_footer_bottom":"","ocean_shortcode_after_footer_bottom":"","ocean_display_top_bar":"default","ocean_display_header":"default","ocean_header_style":"","ocean_center_header_left_menu":"","ocean_custom_header_template":"","ocean_custom_logo":0,"ocean_custom_retina_logo":0,"ocean_custom_logo_max_width":0,"ocean_custom_logo_tablet_max_width":0,"ocean_custom_logo_mobile_max_width":0,"ocean_custom_logo_max_height":0,"ocean_custom_logo_tablet_max_height":0,"ocean_custom_logo_mobile_max_height":0,"ocean_header_custom_menu":"","ocean_menu_typo_font_family":"","ocean_menu_typo_font_subset":"","ocean_menu_typo_font_size":0,"ocean_menu_typo_font_size_tablet":0,"ocean_menu_typo_font_size_mobile":0,"ocean_menu_typo_font_size_unit":"px","ocean_menu_typo_font_weight":"","ocean_menu_typo_font_weight_tablet":"","ocean_menu_typo_font_weight_mobile":"","ocean_menu_typo_transform":"","ocean_menu_typo_transform_tablet":"","ocean_menu_typo_transform_mobile":"","ocean_menu_typo_line_height":0,"ocean_menu_typo_line_height_tablet":0,"ocean_menu_typo_line_height_mobile":0,"ocean_menu_typo_line_height_unit":"","ocean_menu_typo_spacing":0,"ocean_menu_typo_spacing_tablet":0,"ocean_menu_typo_spacing_mobile":0,"ocean_menu_typo_spacing_unit":"","ocean_menu_link_color":"","ocean_menu_link_color_hover":"","ocean_menu_link_color_active":"","ocean_menu_link_background":"","ocean_menu_link_hover_background":"","ocean_menu_link_active_background":"","ocean_menu_social_links_bg":"","ocean_menu_social_hover_links_bg":"","ocean_menu_social_links_color":"","ocean_menu_social_hover_links_color":"","ocean_disable_title":"default","ocean_disable_heading":"default","ocean_post_title":"","ocean_post_subheading":"","ocean_post_title_style":"","ocean_post_title_background_color":"","ocean_post_title_background":0,"ocean_post_title_bg_image_position":"","ocean_post_title_bg_image_attachment":"","ocean_post_title_bg_image_repeat":"","ocean_post_title_bg_image_size":"","ocean_post_title_height":0,"ocean_post_title_bg_overlay":0.5,"ocean_post_title_bg_overlay_color":"","ocean_disable_breadcrumbs":"default","ocean_breadcrumbs_color":"","ocean_breadcrumbs_separator_color":"","ocean_breadcrumbs_links_color":"","ocean_breadcrumbs_links_hover_color":"","ocean_display_footer_widgets":"default","ocean_display_footer_bottom":"default","ocean_custom_footer_template":"","footnotes":""},"aioseo_notices":[],"_links":{"self":[{"href":"https:\/\/ciid45.com\/wordpress\/wp-json\/wp\/v2\/pages\/868"}],"collection":[{"href":"https:\/\/ciid45.com\/wordpress\/wp-json\/wp\/v2\/pages"}],"about":[{"href":"https:\/\/ciid45.com\/wordpress\/wp-json\/wp\/v2\/types\/page"}],"author":[{"embeddable":true,"href":"https:\/\/ciid45.com\/wordpress\/wp-json\/wp\/v2\/users\/2"}],"replies":[{"embeddable":true,"href":"https:\/\/ciid45.com\/wordpress\/wp-json\/wp\/v2\/comments?post=868"}],"version-history":[{"count":1,"href":"https:\/\/ciid45.com\/wordpress\/wp-json\/wp\/v2\/pages\/868\/revisions"}],"predecessor-version":[{"id":869,"href":"https:\/\/ciid45.com\/wordpress\/wp-json\/wp\/v2\/pages\/868\/revisions\/869"}],"wp:attachment":[{"href":"https:\/\/ciid45.com\/wordpress\/wp-json\/wp\/v2\/media?parent=868"}],"curies":[{"name":"wp","href":"https:\/\/api.w.org\/{rel}","templated":true}]}}