{"id":33,"date":"2013-11-27T11:20:42","date_gmt":"2013-11-27T10:20:42","guid":{"rendered":"http:\/\/ciid45.com\/wordpress\/?page_id=33"},"modified":"2018-09-11T15:51:29","modified_gmt":"2018-09-11T13:51:29","slug":"services-internet","status":"publish","type":"page","link":"https:\/\/ciid45.com\/wordpress\/services-ciid45\/services-internet\/","title":{"rendered":"Service internet"},"content":{"rendered":"<h3 style=\"text-align: left;\" align=\"center\">que vous soyez \u00ab\u00a0particulier\u00a0\u00bb, \u00ab\u00a0association\u00a0\u00bb, \u00ab\u00a0artisan\u00a0\u00bb, \u00ab\u00a0lib\u00e9ral\u00a0\u00bb, \u00ab\u00a0TPE\u00a0\u00bb<\/h3>\n<div class=\"internet\">&#8211; Vous avez entendu parler des r\u00e9seaux sur Internet (Facebook, Twitter, .Myspace..), des blogs, des forums, \u00a0mais vous ne savez pas ce qui est adapt\u00e9 \u00e0 votre besoin, comment utiliser ces outils, comment les configurer,<br \/>\n&#8211; Vous souhaitez que vos informations soient vues du plus grand nombre ou au contraire restreintes \u00e0 une population cibl\u00e9e,<br \/>\n&#8211; Vous \u00eates d\u00e9j\u00e0 pr\u00e9sent sur Internet mais les moteurs de recherche type Google ne vous <img loading=\"lazy\" decoding=\"async\" class=\"alignright wp-image-846 size-thumbnail\" src=\"http:\/\/ciid45.com\/wordpress\/wp-content\/uploads\/2018\/09\/23-150x150.png\" alt=\"\" width=\"150\" height=\"150\" srcset=\"https:\/\/ciid45.com\/wordpress\/wp-content\/uploads\/2018\/09\/23-150x150.png 150w, https:\/\/ciid45.com\/wordpress\/wp-content\/uploads\/2018\/09\/23-80x80.png 80w, https:\/\/ciid45.com\/wordpress\/wp-content\/uploads\/2018\/09\/23.png 180w\" sizes=\"(max-width: 150px) 100vw, 150px\" \/>connaissent pas,<br \/>\n&#8211; Vous avez besoin d&rsquo;un site Internet mais vous ne savez pas comment le r\u00e9aliser<br \/>\n&#8211; Vous souhaitez maintenir une grande partie de votre site sans avoir \u00e0 repayer \u00e0 chaque modification<br \/>\n&#8211; Vous avez envie de diminuer fortement les frais d&rsquo;h\u00e9bergement de votre site actuel<\/p>\n<p style=\"text-align: left;\">En fonction de vos besoins, de votre budget, CIID vous conseille, vous propose des solutions adapt\u00e9es, vous assiste dans la mise en place de ces outils. Cela peut aller d&rsquo;une simple inscription jusqu&rsquo;\u00e0 la r\u00e9alisation compl\u00e8te d&rsquo;un site. Comme pour les outils informatiques, en mati\u00e8re d&rsquo;Internet, il existe des outils gratuits ou peu on\u00e9reux pour \u00eatre pr\u00e9sent et visible sur \u00ab\u00a0la Toile\u00a0\u00bb.<\/p>\n<p>Vous pouvez voir des r\u00e9alisations de CIID en page\u00a0<a href=\"http:\/\/ciid45.com\/wordpress\/?page_id=848\">R\u00e9alisations Internet<\/a>.<\/p>\n<h4 style=\"text-align: left;\" align=\"center\">Des solutions adapt\u00e9es \u00e0 vos besoins pour \u00eatre pr\u00e9sent et visible sur Internet<\/h4>\n<\/div>\n","protected":false},"excerpt":{"rendered":"<p>que vous soyez \u00ab\u00a0particulier\u00a0\u00bb, \u00ab\u00a0association\u00a0\u00bb, \u00ab\u00a0artisan\u00a0\u00bb, \u00ab\u00a0lib\u00e9ral\u00a0\u00bb, \u00ab\u00a0TPE\u00a0\u00bb &#8211; Vous avez entendu parler des r\u00e9seaux sur Internet (Facebook, Twitter, .Myspace..), des blogs, des forums, \u00a0mais vous ne savez pas ce qui est adapt\u00e9 \u00e0 votre besoin, comment utiliser ces outils, comment les configurer, &#8211; Vous souhaitez que vos informations soient vues du plus grand nombre [&hellip;]<\/p>\n","protected":false},"author":2,"featured_media":0,"parent":99,"menu_order":20,"comment_status":"closed","ping_status":"closed","template":"","meta":{"_monsterinsights_skip_tracking":false,"_monsterinsights_sitenote_active":false,"_monsterinsights_sitenote_note":"","_monsterinsights_sitenote_category":0,"ocean_post_layout":"","ocean_both_sidebars_style":"","ocean_both_sidebars_content_width":0,"ocean_both_sidebars_sidebars_width":0,"ocean_sidebar":"","ocean_second_sidebar":"","ocean_disable_margins":"enable","ocean_add_body_class":"","ocean_shortcode_before_top_bar":"","ocean_shortcode_after_top_bar":"","ocean_shortcode_before_header":"","ocean_shortcode_after_header":"","ocean_has_shortcode":"","ocean_shortcode_after_title":"","ocean_shortcode_before_footer_widgets":"","ocean_shortcode_after_footer_widgets":"","ocean_shortcode_before_footer_bottom":"","ocean_shortcode_after_footer_bottom":"","ocean_display_top_bar":"default","ocean_display_header":"default","ocean_header_style":"","ocean_center_header_left_menu":"","ocean_custom_header_template":"","ocean_custom_logo":0,"ocean_custom_retina_logo":0,"ocean_custom_logo_max_width":0,"ocean_custom_logo_tablet_max_width":0,"ocean_custom_logo_mobile_max_width":0,"ocean_custom_logo_max_height":0,"ocean_custom_logo_tablet_max_height":0,"ocean_custom_logo_mobile_max_height":0,"ocean_header_custom_menu":"","ocean_menu_typo_font_family":"","ocean_menu_typo_font_subset":"","ocean_menu_typo_font_size":0,"ocean_menu_typo_font_size_tablet":0,"ocean_menu_typo_font_size_mobile":0,"ocean_menu_typo_font_size_unit":"px","ocean_menu_typo_font_weight":"","ocean_menu_typo_font_weight_tablet":"","ocean_menu_typo_font_weight_mobile":"","ocean_menu_typo_transform":"","ocean_menu_typo_transform_tablet":"","ocean_menu_typo_transform_mobile":"","ocean_menu_typo_line_height":0,"ocean_menu_typo_line_height_tablet":0,"ocean_menu_typo_line_height_mobile":0,"ocean_menu_typo_line_height_unit":"","ocean_menu_typo_spacing":0,"ocean_menu_typo_spacing_tablet":0,"ocean_menu_typo_spacing_mobile":0,"ocean_menu_typo_spacing_unit":"","ocean_menu_link_color":"","ocean_menu_link_color_hover":"","ocean_menu_link_color_active":"","ocean_menu_link_background":"","ocean_menu_link_hover_background":"","ocean_menu_link_active_background":"","ocean_menu_social_links_bg":"","ocean_menu_social_hover_links_bg":"","ocean_menu_social_links_color":"","ocean_menu_social_hover_links_color":"","ocean_disable_title":"default","ocean_disable_heading":"default","ocean_post_title":"","ocean_post_subheading":"","ocean_post_title_style":"","ocean_post_title_background_color":"","ocean_post_title_background":0,"ocean_post_title_bg_image_position":"","ocean_post_title_bg_image_attachment":"","ocean_post_title_bg_image_repeat":"","ocean_post_title_bg_image_size":"","ocean_post_title_height":0,"ocean_post_title_bg_overlay":0.5,"ocean_post_title_bg_overlay_color":"","ocean_disable_breadcrumbs":"default","ocean_breadcrumbs_color":"","ocean_breadcrumbs_separator_color":"","ocean_breadcrumbs_links_color":"","ocean_breadcrumbs_links_hover_color":"","ocean_display_footer_widgets":"default","ocean_display_footer_bottom":"default","ocean_custom_footer_template":"","footnotes":""},"aioseo_notices":[],"_links":{"self":[{"href":"https:\/\/ciid45.com\/wordpress\/wp-json\/wp\/v2\/pages\/33"}],"collection":[{"href":"https:\/\/ciid45.com\/wordpress\/wp-json\/wp\/v2\/pages"}],"about":[{"href":"https:\/\/ciid45.com\/wordpress\/wp-json\/wp\/v2\/types\/page"}],"author":[{"embeddable":true,"href":"https:\/\/ciid45.com\/wordpress\/wp-json\/wp\/v2\/users\/2"}],"replies":[{"embeddable":true,"href":"https:\/\/ciid45.com\/wordpress\/wp-json\/wp\/v2\/comments?post=33"}],"version-history":[{"count":81,"href":"https:\/\/ciid45.com\/wordpress\/wp-json\/wp\/v2\/pages\/33\/revisions"}],"predecessor-version":[{"id":1062,"href":"https:\/\/ciid45.com\/wordpress\/wp-json\/wp\/v2\/pages\/33\/revisions\/1062"}],"up":[{"embeddable":true,"href":"https:\/\/ciid45.com\/wordpress\/wp-json\/wp\/v2\/pages\/99"}],"wp:attachment":[{"href":"https:\/\/ciid45.com\/wordpress\/wp-json\/wp\/v2\/media?parent=33"}],"curies":[{"name":"wp","href":"https:\/\/api.w.org\/{rel}","templated":true}]}}