{"id":241,"date":"2013-11-28T14:19:49","date_gmt":"2013-11-28T13:19:49","guid":{"rendered":"http:\/\/ciid45.com\/wordpress\/?page_id=241"},"modified":"2018-11-15T17:14:36","modified_gmt":"2018-11-15T16:14:36","slug":"mentions-legales","status":"publish","type":"page","link":"https:\/\/ciid45.com\/wordpress\/mentions-legales\/","title":{"rendered":"Mentions l\u00e9gales"},"content":{"rendered":"<h1>Mentions l\u00e9gales du site \u00ab ciid45.com \u00bb<\/h1>\n<h4>Copyright<\/h4>\n<p>La loi fran\u00e7aise du 11 mars 1957 n\u2019autorise, aux termes des alin\u00e9as 2 et 3 de l\u2019article 41, d\u2019une part, que les \u00ab\u00a0copies ou reproductions strictement r\u00e9serv\u00e9es \u00e0 l\u2019usage priv\u00e9 du copiste et non destin\u00e9es \u00e0 une utilisation collective\u00a0\u00bb et, d\u2019autre part, que les analyses et les courtes citations dans un but d\u2019exemple et d\u2019illustration (\u00ab\u00a0toute repr\u00e9sentation ou reproduction int\u00e9grale, ou partielle, faite sans le consentement de l\u2019auteur ou de ses ayants droit ou ayants cause, est illicite\u00a0\u00bb \u2013 alin\u00e9a 1er de l\u2019article 40).<\/p>\n<p>Toute repr\u00e9sentation ou reproduction abusive du site <strong>CIID45<\/strong>, par quelque proc\u00e9dure que ce soit, constituerait donc une contrefa\u00e7on sanctionn\u00e9e par les articles 425 et suivants du Code p\u00e9nal. Les textes mis en ligne sur le site <strong><strong>ciid45.com<\/strong><\/strong>, sauf mentions particuli\u00e8res, sont la propri\u00e9t\u00e9 intellectuelle et l\u00e9gale de son auteur. Sauf accord express, le site <strong>ciid45.com<\/strong>\u00a0n\u2019autorise que la reproduction du titre des articles produits et non du texte qui l\u2019accompagne (r\u00e9sum\u00e9 du sommaire ou d\u00e9but de l\u2019article) avec un lien direct sur le site de <b>ciid45.com\u00a0<\/b>(<a href=\"http:\/\/www.ciid45.com\/\">http:\/\/www.ciid45.com<\/a>). Dans tous les cas, ces textes originaux ne peuvent \u00eatre cit\u00e9s qu\u2019\u00e0 condition de pr\u00e9venir l\u2019auteur en remplissant <a title=\"Contact\" href=\"http:\/\/ciid45.com\/contact-2\/\">le formulaire ad\u00e9quat.<\/a><\/p>\n<p>Les liens pr\u00e9sents sur ce site peuvent orienter l\u2019utilisateur sur des sites ext\u00e9rieurs dont le contenu ne peut en aucune mani\u00e8re engager la responsabilit\u00e9 de la r\u00e9daction du site <strong>CIID45<\/strong>.<\/p>\n<p>Enfin, toutes les marques cit\u00e9es appartiennent \u00e0 leurs auteurs respectifs, en particulier la marque Google.<\/p>\n<h4><\/h4>\n<h4>Cr\u00e9dits<\/h4>\n<p>Design graphique et int\u00e9gration :\u00a0<a href=\"http:\/\/www.ciid45.com\/\" name=\"Benoit Cabarat\">Benoit Cabarat \u2013 CIID<\/a><\/p>\n<p>D\u00e9velopp\u00e9 \u00e0 l\u2019aide de <a href=\"http:\/\/wordpress.org\/\">WordPress,<\/a>\u00a0th\u00e8me OceanWP (et <a href=\"http:\/\/www.wordpress-fr.net\/\">support FR<\/a>).<\/p>\n<h4>Mentions l\u00e9gales<\/h4>\n<p>Le site <a href=\"http:\/\/ciid45.com\/\">CIID45<\/a> est \u00e9dit\u00e9 par<\/p>\n<p><strong>Benoit Cabarat<\/strong> (CIID45),<br \/>\nSIRET :\u00a0521 535 559 00012, code APE\u00a0 515 L, TVA NON APPLICABLE.<br \/>\nSi\u00e8ge social : 4 All\u00e9e des Platanes, 45650 Saint Jean le Blanc<\/p>\n<p>Conform\u00e9ment \u00e0 la loi Informatique et Libert\u00e9s en date du 6 janvier 1978, vous disposez d\u2019un droit d\u2019acc\u00e8s, de rectification, de modification et de suppression concernant les donn\u00e9es qui vous concernent. Vous pouvez exercer ce droit en envoyant un courrier \u00e0 l\u2019adresse suivante : <strong><em><br \/>\nCIID45: 4 All\u00e9e des Platanes, 45650 Saint Jean le Blanc<\/em><\/strong><\/p>\n","protected":false},"excerpt":{"rendered":"<p>Mentions l\u00e9gales du site \u00ab ciid45.com \u00bb Copyright La loi fran\u00e7aise du 11 mars 1957 n\u2019autorise, aux termes des alin\u00e9as 2 et 3 de l\u2019article 41, d\u2019une part, que les \u00ab\u00a0copies ou reproductions strictement r\u00e9serv\u00e9es \u00e0 l\u2019usage priv\u00e9 du copiste et non destin\u00e9es \u00e0 une utilisation collective\u00a0\u00bb et, d\u2019autre part, que les analyses et les [&hellip;]<\/p>\n","protected":false},"author":2,"featured_media":0,"parent":0,"menu_order":0,"comment_status":"closed","ping_status":"closed","template":"","meta":{"_monsterinsights_skip_tracking":false,"_monsterinsights_sitenote_active":false,"_monsterinsights_sitenote_note":"","_monsterinsights_sitenote_category":0,"ocean_post_layout":"","ocean_both_sidebars_style":"","ocean_both_sidebars_content_width":0,"ocean_both_sidebars_sidebars_width":0,"ocean_sidebar":"","ocean_second_sidebar":"","ocean_disable_margins":"enable","ocean_add_body_class":"","ocean_shortcode_before_top_bar":"","ocean_shortcode_after_top_bar":"","ocean_shortcode_before_header":"","ocean_shortcode_after_header":"","ocean_has_shortcode":"","ocean_shortcode_after_title":"","ocean_shortcode_before_footer_widgets":"","ocean_shortcode_after_footer_widgets":"","ocean_shortcode_before_footer_bottom":"","ocean_shortcode_after_footer_bottom":"","ocean_display_top_bar":"default","ocean_display_header":"default","ocean_header_style":"","ocean_center_header_left_menu":"","ocean_custom_header_template":"","ocean_custom_logo":0,"ocean_custom_retina_logo":0,"ocean_custom_logo_max_width":0,"ocean_custom_logo_tablet_max_width":0,"ocean_custom_logo_mobile_max_width":0,"ocean_custom_logo_max_height":0,"ocean_custom_logo_tablet_max_height":0,"ocean_custom_logo_mobile_max_height":0,"ocean_header_custom_menu":"","ocean_menu_typo_font_family":"","ocean_menu_typo_font_subset":"","ocean_menu_typo_font_size":0,"ocean_menu_typo_font_size_tablet":0,"ocean_menu_typo_font_size_mobile":0,"ocean_menu_typo_font_size_unit":"px","ocean_menu_typo_font_weight":"","ocean_menu_typo_font_weight_tablet":"","ocean_menu_typo_font_weight_mobile":"","ocean_menu_typo_transform":"","ocean_menu_typo_transform_tablet":"","ocean_menu_typo_transform_mobile":"","ocean_menu_typo_line_height":0,"ocean_menu_typo_line_height_tablet":0,"ocean_menu_typo_line_height_mobile":0,"ocean_menu_typo_line_height_unit":"","ocean_menu_typo_spacing":0,"ocean_menu_typo_spacing_tablet":0,"ocean_menu_typo_spacing_mobile":0,"ocean_menu_typo_spacing_unit":"","ocean_menu_link_color":"","ocean_menu_link_color_hover":"","ocean_menu_link_color_active":"","ocean_menu_link_background":"","ocean_menu_link_hover_background":"","ocean_menu_link_active_background":"","ocean_menu_social_links_bg":"","ocean_menu_social_hover_links_bg":"","ocean_menu_social_links_color":"","ocean_menu_social_hover_links_color":"","ocean_disable_title":"default","ocean_disable_heading":"default","ocean_post_title":"","ocean_post_subheading":"","ocean_post_title_style":"","ocean_post_title_background_color":"","ocean_post_title_background":0,"ocean_post_title_bg_image_position":"","ocean_post_title_bg_image_attachment":"","ocean_post_title_bg_image_repeat":"","ocean_post_title_bg_image_size":"","ocean_post_title_height":0,"ocean_post_title_bg_overlay":0.5,"ocean_post_title_bg_overlay_color":"","ocean_disable_breadcrumbs":"default","ocean_breadcrumbs_color":"","ocean_breadcrumbs_separator_color":"","ocean_breadcrumbs_links_color":"","ocean_breadcrumbs_links_hover_color":"","ocean_display_footer_widgets":"default","ocean_display_footer_bottom":"default","ocean_custom_footer_template":"","footnotes":""},"aioseo_notices":[],"_links":{"self":[{"href":"https:\/\/ciid45.com\/wordpress\/wp-json\/wp\/v2\/pages\/241"}],"collection":[{"href":"https:\/\/ciid45.com\/wordpress\/wp-json\/wp\/v2\/pages"}],"about":[{"href":"https:\/\/ciid45.com\/wordpress\/wp-json\/wp\/v2\/types\/page"}],"author":[{"embeddable":true,"href":"https:\/\/ciid45.com\/wordpress\/wp-json\/wp\/v2\/users\/2"}],"replies":[{"embeddable":true,"href":"https:\/\/ciid45.com\/wordpress\/wp-json\/wp\/v2\/comments?post=241"}],"version-history":[{"count":8,"href":"https:\/\/ciid45.com\/wordpress\/wp-json\/wp\/v2\/pages\/241\/revisions"}],"predecessor-version":[{"id":1232,"href":"https:\/\/ciid45.com\/wordpress\/wp-json\/wp\/v2\/pages\/241\/revisions\/1232"}],"wp:attachment":[{"href":"https:\/\/ciid45.com\/wordpress\/wp-json\/wp\/v2\/media?parent=241"}],"curies":[{"name":"wp","href":"https:\/\/api.w.org\/{rel}","templated":true}]}}