{"id":132,"date":"2013-11-27T15:21:27","date_gmt":"2013-11-27T14:21:27","guid":{"rendered":"http:\/\/ciid45.com\/wordpress\/?page_id=132"},"modified":"2025-02-14T18:19:31","modified_gmt":"2025-02-14T17:19:31","slug":"accueil","status":"publish","type":"page","link":"https:\/\/ciid45.com\/wordpress\/","title":{"rendered":"CIID : Informatique \u00e0 Domicile"},"content":{"rendered":"\n<p class=\"has-medium-font-size\">Support, Assistance, D\u00e9pannage, Formation <span style=\"color: #000000;\">Informatique \u00e0 Saint-Jean-le-Blanc, Orl\u00e9ans, m\u00e9tropole (agglom\u00e9ration) et alentours, Loiret<\/span><\/p>\n\n\n\n<figure class=\"wp-block-table\"><table><tbody><tr><td><a href=\"https:\/\/ciid45.com\/wordpress\/?page_id=992\"><img loading=\"lazy\" decoding=\"async\" src=\"https:\/\/ciid45.com\/wordpress\/wp-content\/uploads\/2018\/09\/TEST-LOGO-formation.png\" alt=\"\" width=\"300\" height=\"180\"><\/a><\/td><td><a href=\"https:\/\/ciid45.com\/wordpress\/conseil\/\"><img loading=\"lazy\" decoding=\"async\" src=\"https:\/\/ciid45.com\/wordpress\/wp-content\/uploads\/2018\/09\/conseil-logo-accueil.png\" alt=\"\" width=\"300\" height=\"180\"><\/a><\/td><td><a href=\"https:\/\/ciid45.com\/wordpress\/depannage\/\"><img loading=\"lazy\" decoding=\"async\" src=\"https:\/\/ciid45.com\/wordpress\/wp-content\/uploads\/2018\/09\/depannagel-logo-accueil.png\" alt=\"\" width=\"300\" height=\"180\"><\/a><\/td><td><a href=\"https:\/\/ciid45.com\/wordpress\/qui-sommes-nous\/\"><img loading=\"lazy\" decoding=\"async\" src=\"https:\/\/ciid45.com\/wordpress\/wp-content\/uploads\/2018\/09\/quisommesnous-logo-accueil.png\" alt=\"\" width=\"300\" height=\"180\"><\/a><\/td><\/tr><tr><td><a href=\"https:\/\/ciid45.com\/wordpress\/assistance-informatique\/\" title=\"\"><img loading=\"lazy\" decoding=\"async\" width=\"300\" height=\"180\" src=\"https:\/\/ciid45.com\/wordpress\/wp-content\/uploads\/2018\/09\/TEST-LOGO-ASSIST-ADMIN-1.png\" alt=\"\"><\/a><\/td><td><a href=\"https:\/\/ciid45.com\/wordpress\/assistance-informatique\/\"><img loading=\"lazy\" decoding=\"async\" src=\"https:\/\/ciid45.com\/wordpress\/wp-content\/uploads\/2018\/09\/LOGO-ASSIST-INFORMATIQUE.png\" alt=\"\" width=\"300\" height=\"180\"><\/a><\/td><td><a href=\"https:\/\/ciid45.com\/wordpress\/assistance-informatique\/\" title=\"\"><img loading=\"lazy\" decoding=\"async\" width=\"300\" height=\"180\" src=\"https:\/\/ciid45.com\/wordpress\/wp-content\/uploads\/2018\/09\/LOGO-ASSIST-BUREAUTIQUE.png\" alt=\"\"><\/a><\/td><td><a href=\"https:\/\/ciid45.com\/services-ciid45\/services-internet\/\"><img loading=\"lazy\" decoding=\"async\" src=\"https:\/\/ciid45.com\/wordpress\/wp-content\/uploads\/2018\/09\/TEST-LOGO-service-site.png\" alt=\"\" width=\"300\" height=\"180\"><\/a><\/td><\/tr><\/tbody><\/table><\/figure>\n","protected":false},"excerpt":{"rendered":"<p>Support, Assistance, D\u00e9pannage, Formation Informatique \u00e0 Saint-Jean-le-Blanc, Orl\u00e9ans, m\u00e9tropole (agglom\u00e9ration) et alentours, Loiret<\/p>\n","protected":false},"author":2,"featured_media":0,"parent":0,"menu_order":0,"comment_status":"closed","ping_status":"closed","template":"","meta":{"_monsterinsights_skip_tracking":false,"_monsterinsights_sitenote_active":false,"_monsterinsights_sitenote_note":"","_monsterinsights_sitenote_category":0,"ocean_post_layout":"","ocean_both_sidebars_style":"","ocean_both_sidebars_content_width":0,"ocean_both_sidebars_sidebars_width":0,"ocean_sidebar":"0","ocean_second_sidebar":"0","ocean_disable_margins":"enable","ocean_add_body_class":"","ocean_shortcode_before_top_bar":"","ocean_shortcode_after_top_bar":"","ocean_shortcode_before_header":"","ocean_shortcode_after_header":"","ocean_has_shortcode":"","ocean_shortcode_after_title":"","ocean_shortcode_before_footer_widgets":"","ocean_shortcode_after_footer_widgets":"","ocean_shortcode_before_footer_bottom":"","ocean_shortcode_after_footer_bottom":"","ocean_display_top_bar":"default","ocean_display_header":"default","ocean_header_style":"","ocean_center_header_left_menu":"0","ocean_custom_header_template":"0","ocean_custom_logo":0,"ocean_custom_retina_logo":0,"ocean_custom_logo_max_width":0,"ocean_custom_logo_tablet_max_width":0,"ocean_custom_logo_mobile_max_width":0,"ocean_custom_logo_max_height":0,"ocean_custom_logo_tablet_max_height":0,"ocean_custom_logo_mobile_max_height":0,"ocean_header_custom_menu":"0","ocean_menu_typo_font_family":"0","ocean_menu_typo_font_subset":"","ocean_menu_typo_font_size":0,"ocean_menu_typo_font_size_tablet":0,"ocean_menu_typo_font_size_mobile":0,"ocean_menu_typo_font_size_unit":"px","ocean_menu_typo_font_weight":"","ocean_menu_typo_font_weight_tablet":"","ocean_menu_typo_font_weight_mobile":"","ocean_menu_typo_transform":"","ocean_menu_typo_transform_tablet":"","ocean_menu_typo_transform_mobile":"","ocean_menu_typo_line_height":0,"ocean_menu_typo_line_height_tablet":0,"ocean_menu_typo_line_height_mobile":0,"ocean_menu_typo_line_height_unit":"","ocean_menu_typo_spacing":0,"ocean_menu_typo_spacing_tablet":0,"ocean_menu_typo_spacing_mobile":0,"ocean_menu_typo_spacing_unit":"","ocean_menu_link_color":"","ocean_menu_link_color_hover":"","ocean_menu_link_color_active":"","ocean_menu_link_background":"","ocean_menu_link_hover_background":"","ocean_menu_link_active_background":"","ocean_menu_social_links_bg":"","ocean_menu_social_hover_links_bg":"","ocean_menu_social_links_color":"","ocean_menu_social_hover_links_color":"","ocean_disable_title":"default","ocean_disable_heading":"default","ocean_post_title":"","ocean_post_subheading":"","ocean_post_title_style":"","ocean_post_title_background_color":"","ocean_post_title_background":0,"ocean_post_title_bg_image_position":"","ocean_post_title_bg_image_attachment":"","ocean_post_title_bg_image_repeat":"","ocean_post_title_bg_image_size":"","ocean_post_title_height":0,"ocean_post_title_bg_overlay":0.5,"ocean_post_title_bg_overlay_color":"","ocean_disable_breadcrumbs":"default","ocean_breadcrumbs_color":"","ocean_breadcrumbs_separator_color":"","ocean_breadcrumbs_links_color":"","ocean_breadcrumbs_links_hover_color":"","ocean_display_footer_widgets":"default","ocean_display_footer_bottom":"default","ocean_custom_footer_template":"0","footnotes":""},"aioseo_notices":[],"_links":{"self":[{"href":"https:\/\/ciid45.com\/wordpress\/wp-json\/wp\/v2\/pages\/132"}],"collection":[{"href":"https:\/\/ciid45.com\/wordpress\/wp-json\/wp\/v2\/pages"}],"about":[{"href":"https:\/\/ciid45.com\/wordpress\/wp-json\/wp\/v2\/types\/page"}],"author":[{"embeddable":true,"href":"https:\/\/ciid45.com\/wordpress\/wp-json\/wp\/v2\/users\/2"}],"replies":[{"embeddable":true,"href":"https:\/\/ciid45.com\/wordpress\/wp-json\/wp\/v2\/comments?post=132"}],"version-history":[{"count":108,"href":"https:\/\/ciid45.com\/wordpress\/wp-json\/wp\/v2\/pages\/132\/revisions"}],"predecessor-version":[{"id":1380,"href":"https:\/\/ciid45.com\/wordpress\/wp-json\/wp\/v2\/pages\/132\/revisions\/1380"}],"wp:attachment":[{"href":"https:\/\/ciid45.com\/wordpress\/wp-json\/wp\/v2\/media?parent=132"}],"curies":[{"name":"wp","href":"https:\/\/api.w.org\/{rel}","templated":true}]}}