{"id":1093,"date":"2018-09-07T11:26:33","date_gmt":"2018-09-07T09:26:33","guid":{"rendered":"http:\/\/ciid45.com\/wordpress\/?page_id=1093"},"modified":"2022-01-18T12:07:02","modified_gmt":"2022-01-18T11:07:02","slug":"conseil","status":"publish","type":"page","link":"https:\/\/ciid45.com\/wordpress\/conseil\/","title":{"rendered":"Conseil"},"content":{"rendered":"<p>Vous voulez changez de mat\u00e9riel : imprimante, \u00e9cran, ordinateur, tablette ?<\/p>\n<p><strong>CIID vous conseille le mat\u00e9riel adapt\u00e9 \u00e0 vos besoins et vous aide \u00e0 l&rsquo;installation, la mise en route.<\/strong><\/p>\n<p>Vous avez besoin d&rsquo;outils de bureautique, de sauvegarder vos donn\u00e9es, de bien g\u00e9rer vos donn\u00e9es ?<\/p>\n<p><strong>CIID vous conseille des logiciels souvent gratuits, des m\u00e9thodes de travail, le tout adapt\u00e9 \u00e0 vos besoins.<\/strong><\/p>\n<p>Vous voulez prot\u00e9ger vos donn\u00e9es, vous recevez trop de mails ?<\/p>\n<p><strong>CIID vous montre comment g\u00e9rer au mieux votre messagerie, vous explique comment reconnaitre des mails frauduleux, comment les classer, les signaler.<\/strong><\/p>\n","protected":false},"excerpt":{"rendered":"<p>Vous voulez changez de mat\u00e9riel : imprimante, \u00e9cran, ordinateur, tablette ? CIID vous conseille le mat\u00e9riel adapt\u00e9 \u00e0 vos besoins et vous aide \u00e0 l&rsquo;installation, la mise en route. Vous avez besoin d&rsquo;outils de bureautique, de sauvegarder vos donn\u00e9es, de bien g\u00e9rer vos donn\u00e9es ? CIID vous conseille des logiciels souvent gratuits, des m\u00e9thodes de [&hellip;]<\/p>\n","protected":false},"author":2,"featured_media":0,"parent":0,"menu_order":0,"comment_status":"closed","ping_status":"closed","template":"","meta":{"_monsterinsights_skip_tracking":false,"_monsterinsights_sitenote_active":false,"_monsterinsights_sitenote_note":"","_monsterinsights_sitenote_category":0,"ocean_post_layout":"","ocean_both_sidebars_style":"","ocean_both_sidebars_content_width":0,"ocean_both_sidebars_sidebars_width":0,"ocean_sidebar":"0","ocean_second_sidebar":"0","ocean_disable_margins":"enable","ocean_add_body_class":"","ocean_shortcode_before_top_bar":"","ocean_shortcode_after_top_bar":"","ocean_shortcode_before_header":"","ocean_shortcode_after_header":"","ocean_has_shortcode":"","ocean_shortcode_after_title":"","ocean_shortcode_before_footer_widgets":"","ocean_shortcode_after_footer_widgets":"","ocean_shortcode_before_footer_bottom":"","ocean_shortcode_after_footer_bottom":"","ocean_display_top_bar":"default","ocean_display_header":"default","ocean_header_style":"","ocean_center_header_left_menu":"0","ocean_custom_header_template":"0","ocean_custom_logo":0,"ocean_custom_retina_logo":0,"ocean_custom_logo_max_width":0,"ocean_custom_logo_tablet_max_width":0,"ocean_custom_logo_mobile_max_width":0,"ocean_custom_logo_max_height":0,"ocean_custom_logo_tablet_max_height":0,"ocean_custom_logo_mobile_max_height":0,"ocean_header_custom_menu":"0","ocean_menu_typo_font_family":"0","ocean_menu_typo_font_subset":"","ocean_menu_typo_font_size":0,"ocean_menu_typo_font_size_tablet":0,"ocean_menu_typo_font_size_mobile":0,"ocean_menu_typo_font_size_unit":"px","ocean_menu_typo_font_weight":"","ocean_menu_typo_font_weight_tablet":"","ocean_menu_typo_font_weight_mobile":"","ocean_menu_typo_transform":"","ocean_menu_typo_transform_tablet":"","ocean_menu_typo_transform_mobile":"","ocean_menu_typo_line_height":0,"ocean_menu_typo_line_height_tablet":0,"ocean_menu_typo_line_height_mobile":0,"ocean_menu_typo_line_height_unit":"","ocean_menu_typo_spacing":0,"ocean_menu_typo_spacing_tablet":0,"ocean_menu_typo_spacing_mobile":0,"ocean_menu_typo_spacing_unit":"","ocean_menu_link_color":"","ocean_menu_link_color_hover":"","ocean_menu_link_color_active":"","ocean_menu_link_background":"","ocean_menu_link_hover_background":"","ocean_menu_link_active_background":"","ocean_menu_social_links_bg":"","ocean_menu_social_hover_links_bg":"","ocean_menu_social_links_color":"","ocean_menu_social_hover_links_color":"","ocean_disable_title":"default","ocean_disable_heading":"default","ocean_post_title":"","ocean_post_subheading":"","ocean_post_title_style":"","ocean_post_title_background_color":"","ocean_post_title_background":0,"ocean_post_title_bg_image_position":"","ocean_post_title_bg_image_attachment":"","ocean_post_title_bg_image_repeat":"","ocean_post_title_bg_image_size":"","ocean_post_title_height":0,"ocean_post_title_bg_overlay":0.5,"ocean_post_title_bg_overlay_color":"","ocean_disable_breadcrumbs":"default","ocean_breadcrumbs_color":"","ocean_breadcrumbs_separator_color":"","ocean_breadcrumbs_links_color":"","ocean_breadcrumbs_links_hover_color":"","ocean_display_footer_widgets":"default","ocean_display_footer_bottom":"default","ocean_custom_footer_template":"0","footnotes":""},"aioseo_notices":[],"_links":{"self":[{"href":"https:\/\/ciid45.com\/wordpress\/wp-json\/wp\/v2\/pages\/1093"}],"collection":[{"href":"https:\/\/ciid45.com\/wordpress\/wp-json\/wp\/v2\/pages"}],"about":[{"href":"https:\/\/ciid45.com\/wordpress\/wp-json\/wp\/v2\/types\/page"}],"author":[{"embeddable":true,"href":"https:\/\/ciid45.com\/wordpress\/wp-json\/wp\/v2\/users\/2"}],"replies":[{"embeddable":true,"href":"https:\/\/ciid45.com\/wordpress\/wp-json\/wp\/v2\/comments?post=1093"}],"version-history":[{"count":3,"href":"https:\/\/ciid45.com\/wordpress\/wp-json\/wp\/v2\/pages\/1093\/revisions"}],"predecessor-version":[{"id":1316,"href":"https:\/\/ciid45.com\/wordpress\/wp-json\/wp\/v2\/pages\/1093\/revisions\/1316"}],"wp:attachment":[{"href":"https:\/\/ciid45.com\/wordpress\/wp-json\/wp\/v2\/media?parent=1093"}],"curies":[{"name":"wp","href":"https:\/\/api.w.org\/{rel}","templated":true}]}}